{"id":3107,"date":"2025-10-19T11:36:20","date_gmt":"2025-10-19T14:36:20","guid":{"rendered":"https:\/\/diegostamato.com\/?page_id=3107"},"modified":"2025-10-20T14:09:38","modified_gmt":"2025-10-20T17:09:38","slug":"faq","status":"publish","type":"page","link":"https:\/\/diegostamato.com\/en\/faq\/","title":{"rendered":"FAQ"},"content":{"rendered":"<div data-elementor-type=\"wp-page\" data-elementor-id=\"3107\" class=\"elementor elementor-3107\" data-elementor-post-type=\"page\">\n\t\t\t\t<div class=\"elementor-element elementor-element-0d29c52 e-flex e-con-boxed e-con e-parent\" data-id=\"0d29c52\" data-element_type=\"container\">\n\t\t\t\t\t<div class=\"e-con-inner\">\n\t\t\t\t<div class=\"elementor-element elementor-element-6cdc803 elementor-widget elementor-widget-heading\" data-id=\"6cdc803\" data-element_type=\"widget\" data-widget_type=\"heading.default\">\n\t\t\t\t\t<h2 class=\"elementor-heading-title elementor-size-default\">FREQUENTLY ASKED QUESTIONS<\/h2>\t\t\t\t<\/div>\n\t\t\t\t<div class=\"elementor-element elementor-element-cc7ec5c elementor-widget elementor-widget-qi_addons_for_elementor_faq\" data-id=\"cc7ec5c\" data-element_type=\"widget\" data-widget_type=\"qi_addons_for_elementor_faq.default\">\n\t\t\t\t<div class=\"elementor-widget-container\">\n\t\t\t\t\t<div class=\"qodef-shortcode qodef-m qodef-qi-faq qodef-qi-clear qodef-closed qodef-behavior--accordion qodef-layout--simple qodef-style--boxed\">\n\t<h3 class=\"qodef-e-title-holder\">\n\t<span class=\"qodef-e-title\">\n\t\t\t<span class=\"qodef-e-number\">\n\t\t1.\t<\/span>\n\t\t\tWhy aren't prices appearing on the website?\t<\/span>\n\t\t<span class=\"qodef-e-mark\">\n\t\t<span class=\"qodef-icon--plus\">\n\t\t\t\t<span class=\"qodef-e-icon\">\n\t\t<svg aria-hidden=\"true\" class=\"e-font-icon-svg e-fas-chevron-right\" viewbox=\"0 0 320 512\" xmlns=\"http:\/\/www.w3.org\/2000\/svg\"><path d=\"M285.476 272.971L91.132 467.314c-9.373 9.373-24.569 9.373-33.941 0l-22.667-22.667c-9.357-9.357-9.375-24.522-.04-33.901L188.505 256 34.484 101.255c-9.335-9.379-9.317-24.544.04-33.901l22.667-22.667c9.373-9.373 24.569-9.373 33.941 0L285.475 239.03c9.373 9.372 9.373 24.568.001 33.941z\"><\/path><\/svg>\t<\/span>\n\t\t\t<\/span>\n\t\t<span class=\"qodef-icon--minus\">\n\t\t\t\t<span class=\"qodef-e-icon\">\n\t\t<svg aria-hidden=\"true\" class=\"e-font-icon-svg e-fas-chevron-down\" viewbox=\"0 0 448 512\" xmlns=\"http:\/\/www.w3.org\/2000\/svg\"><path d=\"M207.029 381.476L12.686 187.132c-9.373-9.373-9.373-24.569 0-33.941l22.667-22.667c9.357-9.357 24.522-9.375 33.901-.04L224 284.505l154.745-154.021c9.379-9.335 24.544-9.317 33.901.04l22.667 22.667c9.373 9.373 9.373 24.569 0 33.941L240.971 381.476c-9.373 9.372-24.569 9.372-33.942 0z\"><\/path><\/svg>\t<\/span>\n\t\t\t<\/span>\n\t<\/span>\n\t<\/h3>\n<div class=\"qodef-e-content\">\n\t<div class=\"qodef-e-content-inner\">\n\t\t<p>I believe that it is not possible to buy a work of art without first talking to the artist. It is essential to have support in choosing the right materials for the project, to be able to test the work in the environment \u2014 especially in architectural projects \u2014 and to consider all the details that make each creation unique. That is why I offer an art catalog and contact channels via form and WhatsApp, which facilitate and enrich this selection process.<\/p>\t<\/div>\n<\/div>\n<h3 class=\"qodef-e-title-holder\">\n\t<span class=\"qodef-e-title\">\n\t\t\t<span class=\"qodef-e-number\">\n\t\t2.\t<\/span>\n\t\t\tCan I pay in installments?\t<\/span>\n\t\t<span class=\"qodef-e-mark\">\n\t\t<span class=\"qodef-icon--plus\">\n\t\t\t\t<span class=\"qodef-e-icon\">\n\t\t<svg aria-hidden=\"true\" class=\"e-font-icon-svg e-fas-chevron-right\" viewbox=\"0 0 320 512\" xmlns=\"http:\/\/www.w3.org\/2000\/svg\"><path d=\"M285.476 272.971L91.132 467.314c-9.373 9.373-24.569 9.373-33.941 0l-22.667-22.667c-9.357-9.357-9.375-24.522-.04-33.901L188.505 256 34.484 101.255c-9.335-9.379-9.317-24.544.04-33.901l22.667-22.667c9.373-9.373 24.569-9.373 33.941 0L285.475 239.03c9.373 9.372 9.373 24.568.001 33.941z\"><\/path><\/svg>\t<\/span>\n\t\t\t<\/span>\n\t\t<span class=\"qodef-icon--minus\">\n\t\t\t\t<span class=\"qodef-e-icon\">\n\t\t<svg aria-hidden=\"true\" class=\"e-font-icon-svg e-fas-chevron-down\" viewbox=\"0 0 448 512\" xmlns=\"http:\/\/www.w3.org\/2000\/svg\"><path d=\"M207.029 381.476L12.686 187.132c-9.373-9.373-9.373-24.569 0-33.941l22.667-22.667c9.357-9.357 24.522-9.375 33.901-.04L224 284.505l154.745-154.021c9.379-9.335 24.544-9.317 33.901.04l22.667 22.667c9.373 9.373 9.373 24.569 0 33.941L240.971 381.476c-9.373 9.372-24.569 9.372-33.942 0z\"><\/path><\/svg>\t<\/span>\n\t\t\t<\/span>\n\t<\/span>\n\t<\/h3>\n<div class=\"qodef-e-content\">\n\t<div class=\"qodef-e-content-inner\">\n\t\t<p>You can pay for your artwork safely and conveniently!<\/p><p>In addition to cash payment, i accept credit card in up to 10 installments (Mercado Pago) or PayPal.\u00a0<\/p>\t<\/div>\n<\/div>\n<h3 class=\"qodef-e-title-holder\">\n\t<span class=\"qodef-e-title\">\n\t\t\t<span class=\"qodef-e-number\">\n\t\t3.\t<\/span>\n\t\t\tHow does shipping and protecting works during transport work?\t<\/span>\n\t\t<span class=\"qodef-e-mark\">\n\t\t<span class=\"qodef-icon--plus\">\n\t\t\t\t<span class=\"qodef-e-icon\">\n\t\t<svg aria-hidden=\"true\" class=\"e-font-icon-svg e-fas-chevron-right\" viewbox=\"0 0 320 512\" xmlns=\"http:\/\/www.w3.org\/2000\/svg\"><path d=\"M285.476 272.971L91.132 467.314c-9.373 9.373-24.569 9.373-33.941 0l-22.667-22.667c-9.357-9.357-9.375-24.522-.04-33.901L188.505 256 34.484 101.255c-9.335-9.379-9.317-24.544.04-33.901l22.667-22.667c9.373-9.373 24.569-9.373 33.941 0L285.475 239.03c9.373 9.372 9.373 24.568.001 33.941z\"><\/path><\/svg>\t<\/span>\n\t\t\t<\/span>\n\t\t<span class=\"qodef-icon--minus\">\n\t\t\t\t<span class=\"qodef-e-icon\">\n\t\t<svg aria-hidden=\"true\" class=\"e-font-icon-svg e-fas-chevron-down\" viewbox=\"0 0 448 512\" xmlns=\"http:\/\/www.w3.org\/2000\/svg\"><path d=\"M207.029 381.476L12.686 187.132c-9.373-9.373-9.373-24.569 0-33.941l22.667-22.667c9.357-9.357 24.522-9.375 33.901-.04L224 284.505l154.745-154.021c9.379-9.335 24.544-9.317 33.901.04l22.667 22.667c9.373 9.373 9.373 24.569 0 33.941L240.971 381.476c-9.373 9.372-24.569 9.372-33.942 0z\"><\/path><\/svg>\t<\/span>\n\t\t\t<\/span>\n\t<\/span>\n\t<\/h3>\n<div class=\"qodef-e-content\">\n\t<div class=\"qodef-e-content-inner\">\n\t\t<p>Each work is carefully packaged and can be safely shipped anywhere in the world, with a full guarantee against damage during transport. In Brazil, shipping is free to all regions.<\/p>\t<\/div>\n<\/div>\n<h3 class=\"qodef-e-title-holder\">\n\t<span class=\"qodef-e-title\">\n\t\t\t<span class=\"qodef-e-number\">\n\t\t4.\t<\/span>\n\t\t\tAre there more accessible works for new collectors?\t<\/span>\n\t\t<span class=\"qodef-e-mark\">\n\t\t<span class=\"qodef-icon--plus\">\n\t\t\t\t<span class=\"qodef-e-icon\">\n\t\t<svg aria-hidden=\"true\" class=\"e-font-icon-svg e-fas-chevron-right\" viewbox=\"0 0 320 512\" xmlns=\"http:\/\/www.w3.org\/2000\/svg\"><path d=\"M285.476 272.971L91.132 467.314c-9.373 9.373-24.569 9.373-33.941 0l-22.667-22.667c-9.357-9.357-9.375-24.522-.04-33.901L188.505 256 34.484 101.255c-9.335-9.379-9.317-24.544.04-33.901l22.667-22.667c9.373-9.373 24.569-9.373 33.941 0L285.475 239.03c9.373 9.372 9.373 24.568.001 33.941z\"><\/path><\/svg>\t<\/span>\n\t\t\t<\/span>\n\t\t<span class=\"qodef-icon--minus\">\n\t\t\t\t<span class=\"qodef-e-icon\">\n\t\t<svg aria-hidden=\"true\" class=\"e-font-icon-svg e-fas-chevron-down\" viewbox=\"0 0 448 512\" xmlns=\"http:\/\/www.w3.org\/2000\/svg\"><path d=\"M207.029 381.476L12.686 187.132c-9.373-9.373-9.373-24.569 0-33.941l22.667-22.667c9.357-9.357 24.522-9.375 33.901-.04L224 284.505l154.745-154.021c9.379-9.335 24.544-9.317 33.901.04l22.667 22.667c9.373 9.373 9.373 24.569 0 33.941L240.971 381.476c-9.373 9.372-24.569 9.372-33.942 0z\"><\/path><\/svg>\t<\/span>\n\t\t\t<\/span>\n\t<\/span>\n\t<\/h3>\n<div class=\"qodef-e-content\">\n\t<div class=\"qodef-e-content-inner\">\n\t\t<p>Yes!<\/p>\t<\/div>\n<\/div>\n<h3 class=\"qodef-e-title-holder\">\n\t<span class=\"qodef-e-title\">\n\t\t\t<span class=\"qodef-e-number\">\n\t\t5.\t<\/span>\n\t\t\tWhat is the value of the works?\t<\/span>\n\t\t<span class=\"qodef-e-mark\">\n\t\t<span class=\"qodef-icon--plus\">\n\t\t\t\t<span class=\"qodef-e-icon\">\n\t\t<svg aria-hidden=\"true\" class=\"e-font-icon-svg e-fas-chevron-right\" viewbox=\"0 0 320 512\" xmlns=\"http:\/\/www.w3.org\/2000\/svg\"><path d=\"M285.476 272.971L91.132 467.314c-9.373 9.373-24.569 9.373-33.941 0l-22.667-22.667c-9.357-9.357-9.375-24.522-.04-33.901L188.505 256 34.484 101.255c-9.335-9.379-9.317-24.544.04-33.901l22.667-22.667c9.373-9.373 24.569-9.373 33.941 0L285.475 239.03c9.373 9.372 9.373 24.568.001 33.941z\"><\/path><\/svg>\t<\/span>\n\t\t\t<\/span>\n\t\t<span class=\"qodef-icon--minus\">\n\t\t\t\t<span class=\"qodef-e-icon\">\n\t\t<svg aria-hidden=\"true\" class=\"e-font-icon-svg e-fas-chevron-down\" viewbox=\"0 0 448 512\" xmlns=\"http:\/\/www.w3.org\/2000\/svg\"><path d=\"M207.029 381.476L12.686 187.132c-9.373-9.373-9.373-24.569 0-33.941l22.667-22.667c9.357-9.357 24.522-9.375 33.901-.04L224 284.505l154.745-154.021c9.379-9.335 24.544-9.317 33.901.04l22.667 22.667c9.373 9.373 9.373 24.569 0 33.941L240.971 381.476c-9.373 9.372-24.569 9.372-33.942 0z\"><\/path><\/svg>\t<\/span>\n\t\t\t<\/span>\n\t<\/span>\n\t<\/h3>\n<div class=\"qodef-e-content\">\n\t<div class=\"qodef-e-content-inner\">\n\t\t<p>It can range from R$600 ($100) to R$25,000 ($5,000), depending on the materials chosen and the importance of the work. Request the art catalog for all the details.<\/p>\t<\/div>\n<\/div>\n<h3 class=\"qodef-e-title-holder\">\n\t<span class=\"qodef-e-title\">\n\t\t\t<span class=\"qodef-e-number\">\n\t\t6.\t<\/span>\n\t\t\tAre the works limited edition?\t<\/span>\n\t\t<span class=\"qodef-e-mark\">\n\t\t<span class=\"qodef-icon--plus\">\n\t\t\t\t<span class=\"qodef-e-icon\">\n\t\t<svg aria-hidden=\"true\" class=\"e-font-icon-svg e-fas-chevron-right\" viewbox=\"0 0 320 512\" xmlns=\"http:\/\/www.w3.org\/2000\/svg\"><path d=\"M285.476 272.971L91.132 467.314c-9.373 9.373-24.569 9.373-33.941 0l-22.667-22.667c-9.357-9.357-9.375-24.522-.04-33.901L188.505 256 34.484 101.255c-9.335-9.379-9.317-24.544.04-33.901l22.667-22.667c9.373-9.373 24.569-9.373 33.941 0L285.475 239.03c9.373 9.372 9.373 24.568.001 33.941z\"><\/path><\/svg>\t<\/span>\n\t\t\t<\/span>\n\t\t<span class=\"qodef-icon--minus\">\n\t\t\t\t<span class=\"qodef-e-icon\">\n\t\t<svg aria-hidden=\"true\" class=\"e-font-icon-svg e-fas-chevron-down\" viewbox=\"0 0 448 512\" xmlns=\"http:\/\/www.w3.org\/2000\/svg\"><path d=\"M207.029 381.476L12.686 187.132c-9.373-9.373-9.373-24.569 0-33.941l22.667-22.667c9.357-9.357 24.522-9.375 33.901-.04L224 284.505l154.745-154.021c9.379-9.335 24.544-9.317 33.901.04l22.667 22.667c9.373 9.373 9.373 24.569 0 33.941L240.971 381.476c-9.373 9.372-24.569 9.372-33.942 0z\"><\/path><\/svg>\t<\/span>\n\t\t\t<\/span>\n\t<\/span>\n\t<\/h3>\n<div class=\"qodef-e-content\">\n\t<div class=\"qodef-e-content-inner\">\n\t\t<p>In the art world, limited editions are series of works produced in limited quantities, numbered and authenticated. In my work, this number of copies can vary from 1 to 100, depending on the relevance of the work. The smaller the print run, the greater the exclusivity, price and market value. On the other hand, series with more copies make art more accessible, allowing new collectors to begin their journeys with significant pieces.<\/p>\t<\/div>\n<\/div>\n<h3 class=\"qodef-e-title-holder\">\n\t<span class=\"qodef-e-title\">\n\t\t\t<span class=\"qodef-e-number\">\n\t\t7.\t<\/span>\n\t\t\tDo the works have a certificate of authenticity?\t<\/span>\n\t\t<span class=\"qodef-e-mark\">\n\t\t<span class=\"qodef-icon--plus\">\n\t\t\t\t<span class=\"qodef-e-icon\">\n\t\t<svg aria-hidden=\"true\" class=\"e-font-icon-svg e-fas-chevron-right\" viewbox=\"0 0 320 512\" xmlns=\"http:\/\/www.w3.org\/2000\/svg\"><path d=\"M285.476 272.971L91.132 467.314c-9.373 9.373-24.569 9.373-33.941 0l-22.667-22.667c-9.357-9.357-9.375-24.522-.04-33.901L188.505 256 34.484 101.255c-9.335-9.379-9.317-24.544.04-33.901l22.667-22.667c9.373-9.373 24.569-9.373 33.941 0L285.475 239.03c9.373 9.372 9.373 24.568.001 33.941z\"><\/path><\/svg>\t<\/span>\n\t\t\t<\/span>\n\t\t<span class=\"qodef-icon--minus\">\n\t\t\t\t<span class=\"qodef-e-icon\">\n\t\t<svg aria-hidden=\"true\" class=\"e-font-icon-svg e-fas-chevron-down\" viewbox=\"0 0 448 512\" xmlns=\"http:\/\/www.w3.org\/2000\/svg\"><path d=\"M207.029 381.476L12.686 187.132c-9.373-9.373-9.373-24.569 0-33.941l22.667-22.667c9.357-9.357 24.522-9.375 33.901-.04L224 284.505l154.745-154.021c9.379-9.335 24.544-9.317 33.901.04l22.667 22.667c9.373 9.373 9.373 24.569 0 33.941L240.971 381.476c-9.373 9.372-24.569 9.372-33.942 0z\"><\/path><\/svg>\t<\/span>\n\t\t\t<\/span>\n\t<\/span>\n\t<\/h3>\n<div class=\"qodef-e-content\">\n\t<div class=\"qodef-e-content-inner\">\n\t\t<p>Yes! The certificate of authenticity is a document that accompanies the work and guarantees its originality. It includes information such as title, technique, dimensions, year of creation, edition number and artist's signature. It is a way of protecting the value of the piece and proving its authorship.<\/p>\t<\/div>\n<\/div>\n<h3 class=\"qodef-e-title-holder\">\n\t<span class=\"qodef-e-title\">\n\t\t\t<span class=\"qodef-e-number\">\n\t\t8.\t<\/span>\n\t\t\tWhat to expect from the quality of the works?\t<\/span>\n\t\t<span class=\"qodef-e-mark\">\n\t\t<span class=\"qodef-icon--plus\">\n\t\t\t\t<span class=\"qodef-e-icon\">\n\t\t<svg aria-hidden=\"true\" class=\"e-font-icon-svg e-fas-chevron-right\" viewbox=\"0 0 320 512\" xmlns=\"http:\/\/www.w3.org\/2000\/svg\"><path d=\"M285.476 272.971L91.132 467.314c-9.373 9.373-24.569 9.373-33.941 0l-22.667-22.667c-9.357-9.357-9.375-24.522-.04-33.901L188.505 256 34.484 101.255c-9.335-9.379-9.317-24.544.04-33.901l22.667-22.667c9.373-9.373 24.569-9.373 33.941 0L285.475 239.03c9.373 9.372 9.373 24.568.001 33.941z\"><\/path><\/svg>\t<\/span>\n\t\t\t<\/span>\n\t\t<span class=\"qodef-icon--minus\">\n\t\t\t\t<span class=\"qodef-e-icon\">\n\t\t<svg aria-hidden=\"true\" class=\"e-font-icon-svg e-fas-chevron-down\" viewbox=\"0 0 448 512\" xmlns=\"http:\/\/www.w3.org\/2000\/svg\"><path d=\"M207.029 381.476L12.686 187.132c-9.373-9.373-9.373-24.569 0-33.941l22.667-22.667c9.357-9.357 24.522-9.375 33.901-.04L224 284.505l154.745-154.021c9.379-9.335 24.544-9.317 33.901.04l22.667 22.667c9.373 9.373 9.373 24.569 0 33.941L240.971 381.476c-9.373 9.372-24.569 9.372-33.942 0z\"><\/path><\/svg>\t<\/span>\n\t\t\t<\/span>\n\t<\/span>\n\t<\/h3>\n<div class=\"qodef-e-content\">\n\t<div class=\"qodef-e-content-inner\">\n\t\t<p>Each work is produced with extreme care and sophistication \u2014 from the colors to the definition, from the paper to the finishes.<\/p><p>The printing is carried out by Espa\u00e7o Visual, one of the leading references in Fine Art in Brazil, located in the heart of S\u00e3o Paulo. The company is certified by Hahnem\u00fchle, the world's leading authority on Fine Art papers, guaranteeing international standards of quality and conservation. The entire process takes place in controlled environments, using high-precision printers such as Canon and Epson, specifically for professional artistic productions.<\/p><p>For all these reasons, the finished work has museum-quality qualities \u2014 with incomparable durability, fidelity and artistic value. A work that goes far beyond the decorative paintings produced on a large scale for retail.<\/p>\t<\/div>\n<\/div>\n<\/div>\n\t<script type=\"application\/ld+json\">{\"@context\":\"https:\\\/\\\/schema.org\",\"@type\":\"FAQPage\",\"mainEntity\":[{\"@type\":\"Question\",\"name\":\"Por que os pre\\u00e7os n\\u00e3o aparecem no site?\",\"acceptedAnswer\":{\"@type\":\"Answer\",\"text\":\"<p>Acredito que n\\u00e3o \\u00e9 poss\\u00edvel comprar uma obra de arte sem antes conversar com o artista. \\u00c9 essencial ter apoio na escolha dos materiais certos para o projeto, poder testar a obra no ambiente \\u2014 especialmente em projetos de arquitetura \\u2014 e considerar todos os detalhes que tornam cada cria\\u00e7\\u00e3o \\u00fanica. Por isso, ofere\\u00e7o um cat\\u00e1logo de arte e canais de contato via formul\\u00e1rio e WhatsApp, que facilitam e enriquecem esse processo de escolha.<\\\/p>\"}},{\"@type\":\"Question\",\"name\":\"Posso parcelar o pagamento?\",\"acceptedAnswer\":{\"@type\":\"Answer\",\"text\":\"<p>Voc\\u00ea pode pagar sua obra de arte com seguran\\u00e7a e praticidade!<\\\/p><p>Al\\u00e9m do pagamento \\u00e0 vista, aceito cart\\u00e3o de cr\\u00e9dito em at\\u00e9 10x (Mercado Pago) ou PayPal.\\u00a0<\\\/p>\"}},{\"@type\":\"Question\",\"name\":\"Como funciona o envio e a prote\\u00e7\\u00e3o das obras durante o transporte?\",\"acceptedAnswer\":{\"@type\":\"Answer\",\"text\":\"<p>Cada obra \\u00e9 cuidadosamente embalada e pode ser enviada com seguran\\u00e7a para qualquer lugar do mundo, com garantia total contra avarias no transporte. No Brasil, o envio \\u00e9 gratuito para todas as regi\\u00f5es.<\\\/p>\"}},{\"@type\":\"Question\",\"name\":\"Existem obras mais acess\\u00edveis para novos colecionadores?\",\"acceptedAnswer\":{\"@type\":\"Answer\",\"text\":\"<p>Sim!<\\\/p>\"}},{\"@type\":\"Question\",\"name\":\"Qual o valor das obras?\",\"acceptedAnswer\":{\"@type\":\"Answer\",\"text\":\"<p>Pode variar de R$ 600 at\\u00e9 R$ 25.000, dependendo dos materiais escolhidos e da import\\u00e2ncia da obra. Solicite o cat\\u00e1logo de arte para todos os detalhes.<\\\/p>\"}},{\"@type\":\"Question\",\"name\":\"As obras possuem edi\\u00e7\\u00f5es limitadas?\",\"acceptedAnswer\":{\"@type\":\"Answer\",\"text\":\"<p>No universo da arte, edi\\u00e7\\u00f5es limitadas s\\u00e3o s\\u00e9ries de obras produzidas em quantidade restrita, numeradas e autenticadas. Nos meus trabalhos, esse n\\u00famero de c\\u00f3pias pode variar de 1 a 100, conforme a relev\\u00e2ncia da obra. Quanto menor a tiragem, maior a exclusividade, pre\\u00e7o e o valor de mercado. Por outro lado, s\\u00e9ries com mais exemplares tornam a arte mais acess\\u00edvel, permitindo que novos colecionadores iniciem suas jornadas com pe\\u00e7as significativas.<\\\/p>\"}},{\"@type\":\"Question\",\"name\":\"As obras possuem certificado de autenticidade?\",\"acceptedAnswer\":{\"@type\":\"Answer\",\"text\":\"<p>Sim! O certificado de autenticidade \\u00e9 um documento que acompanha a obra e garante sua originalidade. Ele inclui informa\\u00e7\\u00f5es como t\\u00edtulo, t\\u00e9cnica, dimens\\u00f5es, ano de cria\\u00e7\\u00e3o, n\\u00famero da edi\\u00e7\\u00e3o e assinatura do artista. \\u00c9 uma forma de proteger o valor da pe\\u00e7a e comprovar sua autoria.<\\\/p>\"}},{\"@type\":\"Question\",\"name\":\"O que esperar da qualidade das obras?\",\"acceptedAnswer\":{\"@type\":\"Answer\",\"text\":\"<p>Cada obra \\u00e9 produzida com extremo cuidado e sofistica\\u00e7\\u00e3o \\u2014 das cores \\u00e0 defini\\u00e7\\u00e3o, do papel aos acabamentos.<\\\/p><p>A impress\\u00e3o \\u00e9 realizada pela Espa\\u00e7o Visual, uma das principais refer\\u00eancias em Fine Art no Brasil, localizada no cora\\u00e7\\u00e3o de S\\u00e3o Paulo. A empresa \\u00e9 certificada pela Hahnem\\u00fchle, maior autoridade mundial em pap\\u00e9is Fine Art, garantindo padr\\u00f5es internacionais de qualidade e conserva\\u00e7\\u00e3o. Todo o processo acontece em ambientes controlados, utilizando impressoras de alt\\u00edssima precis\\u00e3o como Canon e Epson, espec\\u00edficas para produ\\u00e7\\u00f5es art\\u00edsticas profissionais.<\\\/p><p>Por tudo isso, a obra finalizada possui qualidades museol\\u00f3gicas \\u2014 com durabilidade, fidelidade e valor art\\u00edstico incompar\\u00e1veis. Um trabalho que vai muito al\\u00e9m dos quadros decorativos produzidos em escala para o varejo.<\\\/p>\"}}]}<\/script>\n\t\t\t\t<\/div>\n\t\t\t\t<\/div>\n\t\t\t\t\t<\/div>\n\t\t\t\t<\/div>\n\t\t\t\t<\/div>","protected":false},"excerpt":{"rendered":"<p>PERGUNTAS FREQUENTES 1. Por que os pre\u00e7os n\u00e3o aparecem no site? Acredito que n\u00e3o \u00e9 poss\u00edvel comprar uma obra de arte sem antes conversar com o artista. \u00c9 essencial ter apoio na escolha dos materiais certos para o projeto, poder testar a obra no ambiente \u2014 especialmente em projetos de arquitetura \u2014 e considerar todos [&hellip;]<\/p>","protected":false},"author":2,"featured_media":0,"parent":0,"menu_order":0,"comment_status":"closed","ping_status":"closed","template":"","meta":{"footnotes":""},"class_list":["post-3107","page","type-page","status-publish","hentry"],"_links":{"self":[{"href":"https:\/\/diegostamato.com\/en\/wp-json\/wp\/v2\/pages\/3107","targetHints":{"allow":["GET"]}}],"collection":[{"href":"https:\/\/diegostamato.com\/en\/wp-json\/wp\/v2\/pages"}],"about":[{"href":"https:\/\/diegostamato.com\/en\/wp-json\/wp\/v2\/types\/page"}],"author":[{"embeddable":true,"href":"https:\/\/diegostamato.com\/en\/wp-json\/wp\/v2\/users\/2"}],"replies":[{"embeddable":true,"href":"https:\/\/diegostamato.com\/en\/wp-json\/wp\/v2\/comments?post=3107"}],"version-history":[{"count":3,"href":"https:\/\/diegostamato.com\/en\/wp-json\/wp\/v2\/pages\/3107\/revisions"}],"predecessor-version":[{"id":3443,"href":"https:\/\/diegostamato.com\/en\/wp-json\/wp\/v2\/pages\/3107\/revisions\/3443"}],"wp:attachment":[{"href":"https:\/\/diegostamato.com\/en\/wp-json\/wp\/v2\/media?parent=3107"}],"curies":[{"name":"wp","href":"https:\/\/api.w.org\/{rel}","templated":true}]}}